{"id":185,"date":"2025-06-25T00:12:13","date_gmt":"2025-06-24T22:12:13","guid":{"rendered":"https:\/\/tierravivatranquila.es\/?page_id=185"},"modified":"2026-01-11T17:04:40","modified_gmt":"2026-01-11T16:04:40","slug":"impression","status":"publish","type":"page","link":"https:\/\/tierravivatranquila.es\/fr\/imprint\/","title":{"rendered":"Empreinte"},"content":{"rendered":"<section class=\"bde-section-185-100 bde-section\">\n  \n  \n\t\n\n\n\n<div class=\"section-container\"><div class=\"bde-div-185-102 bde-div\">\n  \n  \n\t\n\n\n\n<div class=\"bde-rich-text-185-101 bde-rich-text breakdance-rich-text-styles\">\n<p data-start=\"297\" data-end=\"354\"><strong>Mentions l\u00e9gales<\/strong><br data-start=\"310\" data-end=\"313\" \/>Informations selon \u00a7 5 TMG \/ Art. 10 LSSI-CE<br \/><br \/><strong data-start=\"356\" data-end=\"381\">Tierra Viva Tranquila LLC<\/strong><br data-start=\"399\" data-end=\"402\" \/>Carril de la Vigia<br data-start=\"435\" data-end=\"438\" \/>11149 Conil de la Frontera, Cadix<br data-start=\"471\" data-end=\"474\" \/>Espagne<br \/><br \/><strong data-start=\"485\" data-end=\"497\">Contact :<\/strong><br data-start=\"497\" data-end=\"500\" \/>T\u00e9l\u00e9phone : +34 620 568 851<br data-start=\"534\" data-end=\"537\" \/>Courrier \u00e9lectronique : mail<a class=\"cursor-pointer\" rel=\"noopener\" data-start=\"545\" data-end=\"572\">@tierravivatranquila.es<\/a><br data-start=\"572\" data-end=\"575\" \/>Site web : <a class=\"\" href=\"https:\/\/tierravivatranquila.es\/fr\/\" target=\"_new\" rel=\"noopener\" data-start=\"584\" data-end=\"618\">https:\/\/www.tierravivatranquila.es<\/a><br \/><br \/><strong data-start=\"718\" data-end=\"775\">Responsable du contenu conform\u00e9ment au \u00a7 18 Abs. 2 MStV :<\/strong><br data-start=\"775\" data-end=\"778\" \/>Tierra Viva Tranquila LLC<br \/><br \/><strong data-start=\"820\" data-end=\"847\">R\u00e8glement des litiges en ligne :<\/strong><br data-start=\"847\" data-end=\"850\" \/>La Commission europ\u00e9enne met \u00e0 disposition une plateforme de r\u00e8glement en ligne des litiges (RLL) :<br data-start=\"938\" data-end=\"941\" \/><a class=\"\" href=\"https:\/\/ec.europa.eu\/consumers\/odr\" target=\"_new\" rel=\"noopener\" data-start=\"941\" data-end=\"975\">https:\/\/ec.europa.eu\/consumers\/odr<\/a><br data-start=\"975\" data-end=\"978\" \/>Nous ne sommes pas tenus de participer \u00e0 une proc\u00e9dure de r\u00e8glement des litiges devant un organisme de conciliation des consommateurs et nous n'y participons pas.<br \/><br \/><strong data-start=\"1125\" data-end=\"1148\">Clause de non-responsabilit\u00e9 :<\/strong><br data-start=\"1148\" data-end=\"1151\" \/>Le contenu de nos pages a \u00e9t\u00e9 \u00e9labor\u00e9 avec le plus grand soin. Nous ne pouvons toutefois pas garantir l'exactitude, l'exhaustivit\u00e9 et l'actualit\u00e9 des contenus.<br \/><br \/><strong data-start=\"1326\" data-end=\"1343\">Droit d'auteur :<\/strong><br data-start=\"1343\" data-end=\"1346\" \/>Les contenus et les \u0153uvres cr\u00e9\u00e9s par les exploitants de ces pages sont soumis aux droits d'auteur espagnols et europ\u00e9ens.<\/p>\n<\/div>\n<\/div><\/div>\n<\/section>","protected":false},"excerpt":{"rendered":"<p>ImpressumAngaben gem\u00e4\u00df \u00a7 5 TMG \/ Art. 10 LSSI-CETierra Viva Tranquila LLCCarril de la Vigia11149 Conil de la Frontera, C\u00e1dizSpainKontakt:Telefon: +34 620 568 851E-Mail: mail@tierravivatranquila.esWebsite: https:\/\/www.tierravivatranquila.esVerantwortlich f\u00fcr den Inhalt gem\u00e4\u00df \u00a7 18 Abs. 2 MStV:Tierra Viva Tranquila LLCOnline-Streitbeilegung:Die Europ\u00e4ische Kommission stellt eine Plattform zur Online-Streitbeilegung (OS) bereit:https:\/\/ec.europa.eu\/consumers\/odrWir sind nicht verpflichtet, an einem Streitbeilegungsverfahren vor einer [&hellip;]<\/p>\n","protected":false},"author":1,"featured_media":0,"parent":0,"menu_order":0,"comment_status":"closed","ping_status":"closed","template":"","meta":{"_breakdance_hide_in_design_set":false,"_breakdance_tags":"","footnotes":""},"class_list":["post-185","page","type-page","status-publish","hentry"],"_links":{"self":[{"href":"https:\/\/tierravivatranquila.es\/fr\/wp-json\/wp\/v2\/pages\/185","targetHints":{"allow":["GET"]}}],"collection":[{"href":"https:\/\/tierravivatranquila.es\/fr\/wp-json\/wp\/v2\/pages"}],"about":[{"href":"https:\/\/tierravivatranquila.es\/fr\/wp-json\/wp\/v2\/types\/page"}],"author":[{"embeddable":true,"href":"https:\/\/tierravivatranquila.es\/fr\/wp-json\/wp\/v2\/users\/1"}],"replies":[{"embeddable":true,"href":"https:\/\/tierravivatranquila.es\/fr\/wp-json\/wp\/v2\/comments?post=185"}],"version-history":[{"count":6,"href":"https:\/\/tierravivatranquila.es\/fr\/wp-json\/wp\/v2\/pages\/185\/revisions"}],"predecessor-version":[{"id":395,"href":"https:\/\/tierravivatranquila.es\/fr\/wp-json\/wp\/v2\/pages\/185\/revisions\/395"}],"wp:attachment":[{"href":"https:\/\/tierravivatranquila.es\/fr\/wp-json\/wp\/v2\/media?parent=185"}],"curies":[{"name":"wp","href":"https:\/\/api.w.org\/{rel}","templated":true}]}}